{"id":353,"date":"2018-09-28T19:03:54","date_gmt":"2018-09-28T19:03:54","guid":{"rendered":"https:\/\/robertineromeny.nl\/?page_id=353"},"modified":"2024-01-10T21:35:41","modified_gmt":"2024-01-10T21:35:41","slug":"kosten","status":"publish","type":"page","link":"https:\/\/robertineromeny.nl\/?page_id=353","title":{"rendered":"Tarieven en annulering"},"content":{"rendered":"<p><strong>Tarieven<\/strong><br \/>\n<em>Biografische gesprekken: <\/em>Een gesprek duurt \u00e9\u00e9n \u00e0 anderhalf uur. Tarief per gesprek naar draagkracht tussen 40 en 80 euro<br \/>\n<em>Autobiografisch schrijven:<\/em> zie het aanbod op deze website.<br \/>\n<em>Levensgedichtwandeling:<\/em> op maat<\/p>\n<p>Betalingen op rekeningnummer NL 17 ASNB 0707 1681 04, ten name van RM Romeny.<\/p>\n<p>Ziektekostenverzekeringen vergoeden een biografisch traject (nog) niet. Sommige vergoeden in bepaalde gevallen wel coaching. Informeer hiernaar bij uw ziektekostenverzekering.<br \/>\nOf vraag uw werkgever naar de mogelijkheid van een budget voor uw persoonlijke ontwikkeling.<\/p>\n<p><em>Deelname<\/em><br \/>\nDeelname aan biografische gesprekken, workshops en cursussen geschiedt op basis van vrijwilligheid en voor eigen verantwoordelijkheid. Door deel te nemen verklaar je je akkoord met dit uitgangspunt.<\/p>\n<p><strong>Annulering<\/strong><br \/>\n<em>Annuleringsvoorwaarden gesprekken<\/em><br \/>\nTot 24 uur voor de aanvang van het gesprek kan de cli\u00ebnt zich kosteloos afmelden. Daarna wordt het volle bedrag in rekening gebracht.<\/p>\n<p><em>Annuleringsvoorwaarden cursussen<\/em><br \/>\nWanneer de deelnemer van een cursus zich 6 weken of meer voor aanvangsdatum terugtrekt, storten wij het volledige cursusbedrag terug met aftrek van 25 euro administratiekosten.<br \/>\nAnnulering tussen 3 en 6 weken voor de cursus geeft recht op restitutie van de helft van het cursusbedrag. Wanneer de deelnemer 3 weken of minder voor de cursus afzegt, betaalt hij of zij het volle cursusbedrag.<br \/>\nEen deelnemer heeft geen recht op terugbetaling van het cursusgeld als hij niet aanwezig is of wanneer hij de cursus voortijdig be\u00ebindigt.<br \/>\nIndien een cursus om wat voor reden dan ook niet door kan gaan, worden de deelnamekosten teruggestort.<\/p>\n","protected":false},"excerpt":{"rendered":"<p>Tarieven Biografische gesprekken: Een gesprek duurt \u00e9\u00e9n \u00e0 anderhalf uur. Tarief per gesprek naar draagkracht tussen 40 en 80 euro Autobiografisch schrijven: zie het aanbod op deze website. Levensgedichtwandeling: op maat Betalingen op rekeningnummer NL 17 ASNB 0707 1681 04, ten name van RM Romeny. Ziektekostenverzekeringen vergoeden een biografisch traject (nog) niet. Sommige vergoeden in &hellip; <a href=\"https:\/\/robertineromeny.nl\/?page_id=353\" class=\"more-link\">Verder lezen <span class=\"screen-reader-text\">Tarieven en annulering<\/span><\/a><\/p>\n","protected":false},"author":1,"featured_media":0,"parent":0,"menu_order":0,"comment_status":"closed","ping_status":"closed","template":"","meta":{"footnotes":""},"class_list":["post-353","page","type-page","status-publish","hentry"],"_links":{"self":[{"href":"https:\/\/robertineromeny.nl\/index.php?rest_route=\/wp\/v2\/pages\/353","targetHints":{"allow":["GET"]}}],"collection":[{"href":"https:\/\/robertineromeny.nl\/index.php?rest_route=\/wp\/v2\/pages"}],"about":[{"href":"https:\/\/robertineromeny.nl\/index.php?rest_route=\/wp\/v2\/types\/page"}],"author":[{"embeddable":true,"href":"https:\/\/robertineromeny.nl\/index.php?rest_route=\/wp\/v2\/users\/1"}],"replies":[{"embeddable":true,"href":"https:\/\/robertineromeny.nl\/index.php?rest_route=%2Fwp%2Fv2%2Fcomments&post=353"}],"version-history":[{"count":20,"href":"https:\/\/robertineromeny.nl\/index.php?rest_route=\/wp\/v2\/pages\/353\/revisions"}],"predecessor-version":[{"id":1873,"href":"https:\/\/robertineromeny.nl\/index.php?rest_route=\/wp\/v2\/pages\/353\/revisions\/1873"}],"wp:attachment":[{"href":"https:\/\/robertineromeny.nl\/index.php?rest_route=%2Fwp%2Fv2%2Fmedia&parent=353"}],"curies":[{"name":"wp","href":"https:\/\/api.w.org\/{rel}","templated":true}]}}